{"id":11,"date":"2024-03-10T21:54:13","date_gmt":"2024-03-10T21:54:13","guid":{"rendered":"https:\/\/petofivadasztarsasag.hu\/?page_id=11"},"modified":"2024-03-10T22:37:09","modified_gmt":"2024-03-10T22:37:09","slug":"ozbak-arlista-2024","status":"publish","type":"page","link":"https:\/\/wpt.petofivadasztarsasag.hu\/","title":{"rendered":"\u0150zbak \u00e1rlista 2024"},"content":{"rendered":"\n<figure class=\"wp-block-table is-style-stripes has-large-font-size\"><table><tbody><tr><td>300-349 g<\/td><td class=\"has-text-align-right\" data-align=\"right\">75.000 Ft<br>+ 1.300 Ft\/g<\/td><\/tr><tr><td>350-399 g<\/td><td class=\"has-text-align-right\" data-align=\"right\">140.000 Ft<br>+ 2.000 Ft\/g<\/td><\/tr><tr><td>400-449 g<\/td><td class=\"has-text-align-right\" data-align=\"right\">240.000 Ft<br>+ 3.000 Ft\/g<\/td><\/tr><tr><td>450-499 g<\/td><td class=\"has-text-align-right\" data-align=\"right\">390.000 Ft<br>+ 6.500 Ft\/g<\/td><\/tr><tr><td>500 g &#8211;<\/td><td class=\"has-text-align-right\" data-align=\"right\">725.000 Ft<br>+ 8.500 Ft\/g<\/td><\/tr><\/tbody><\/table><\/figure>\n\n\n\n<div class=\"wp-block-group has-global-padding is-layout-constrained wp-block-group-is-layout-constrained\">\n<p class=\"has-base-2-color has-contrast-2-background-color has-text-color has-background has-link-color has-medium-font-size wp-elements-79fe5cd0cf8bdcba6d1c81037bcd2a68\"><strong>Kiemelt aj\u00e1nlat!<\/strong><br>200.000 Ft-ot meghalad\u00f3 \u0151zbak tr\u00f3fea ter\u00edt\u00e9kre hoz\u00e1sa eset\u00e9n az elejt\u0151 sz\u00e1m\u00e1ra a sz\u00e1ll\u00e1s t\u00e9r\u00edt\u00e9smentes.<\/p>\n\n\n\n<p class=\"has-text-align-center has-link-color has-small-font-size wp-elements-0a8d2650fbfb9b7b2869eaff720da336\">Az \u00e1r a tr\u00f3fea b\u00edr\u00e1lati d\u00edjat nem tartalmazza!<br>Kis\u00e9r\u00e9si \u00e9s terepj\u00e1r\u00f3 haszn\u00e1lati d\u00edj: 10.000 Ft\/alkalom<br>Sebz\u00e9s eset\u00e9n a kil\u00f6v\u00e9si d\u00edj 50%-a a kis\u00e9r\u0151 \u00e1ltal becs\u00fclt tr\u00f3fea s\u00faly alapj\u00e1n!<br>A felt\u00fcntetett \u00e1rak a 27%-os \u00e1f\u00e1t nem tartalmazz\u00e1k!<\/p>\n<\/div>\n\n\n\n<p class=\"has-text-align-center has-accent-4-background-color has-background\"><strong>El\u00e9rhet\u0151s\u00e9geink:<\/strong> +36 30 371 5092\u202c | <a href=\"mailto:elnok@petofivadasztarsasag.hu\">elnok@petofivadasztarsasag.hu<\/a><\/p>\n","protected":false},"excerpt":{"rendered":"<p>300-349 g 75.000 Ft+ 1.300 Ft\/g 350-399 g 140.000 Ft+ 2.000 Ft\/g 400-449 g 240.000 Ft+ 3.000 Ft\/g 450-499 g 390.000 Ft+ 6.500 Ft\/g 500 g &#8211; 725.000 Ft+ 8.500 Ft\/g Kiemelt aj\u00e1nlat!200.000 Ft-ot meghalad\u00f3 \u0151zbak tr\u00f3fea ter\u00edt\u00e9kre hoz\u00e1sa eset\u00e9n az elejt\u0151 sz\u00e1m\u00e1ra a sz\u00e1ll\u00e1s t\u00e9r\u00edt\u00e9smentes. Az \u00e1r a tr\u00f3fea b\u00edr\u00e1lati d\u00edjat nem tartalmazza!Kis\u00e9r\u00e9si \u00e9s [&hellip;]<\/p>\n","protected":false},"author":1,"featured_media":18,"parent":0,"menu_order":0,"comment_status":"closed","ping_status":"closed","template":"","meta":{"footnotes":"[]"},"class_list":["post-11","page","type-page","status-publish","has-post-thumbnail","hentry"],"yoast_head":"<!-- This site is optimized with the Yoast SEO plugin v23.7 - https:\/\/yoast.com\/wordpress\/plugins\/seo\/ -->\n<title>\u0150zbak \u00e1rlista 2024 - Pet\u0151fi Vad\u00e1szt\u00e1rsas\u00e1g<\/title>\n<meta name=\"robots\" content=\"noindex, follow, max-snippet:-1, max-image-preview:large, max-video-preview:-1\" \/>\n<meta property=\"og:locale\" content=\"hu_HU\" \/>\n<meta property=\"og:type\" content=\"article\" \/>\n<meta property=\"og:title\" content=\"\u0150zbak \u00e1rlista 2024 - Pet\u0151fi Vad\u00e1szt\u00e1rsas\u00e1g\" \/>\n<meta property=\"og:description\" content=\"300-349 g 75.000 Ft+ 1.300 Ft\/g 350-399 g 140.000 Ft+ 2.000 Ft\/g 400-449 g 240.000 Ft+ 3.000 Ft\/g 450-499 g 390.000 Ft+ 6.500 Ft\/g 500 g &#8211; 725.000 Ft+ 8.500 Ft\/g Kiemelt aj\u00e1nlat!200.000 Ft-ot meghalad\u00f3 \u0151zbak tr\u00f3fea ter\u00edt\u00e9kre hoz\u00e1sa eset\u00e9n az elejt\u0151 sz\u00e1m\u00e1ra a sz\u00e1ll\u00e1s t\u00e9r\u00edt\u00e9smentes. Az \u00e1r a tr\u00f3fea b\u00edr\u00e1lati d\u00edjat nem tartalmazza!Kis\u00e9r\u00e9si \u00e9s [&hellip;]\" \/>\n<meta property=\"og:url\" content=\"https:\/\/wpt.petofivadasztarsasag.hu\/\" \/>\n<meta property=\"og:site_name\" content=\"Pet\u0151fi Vad\u00e1szt\u00e1rsas\u00e1g\" \/>\n<meta property=\"article:modified_time\" content=\"2024-03-10T22:37:09+00:00\" \/>\n<meta property=\"og:image\" content=\"https:\/\/wpt.petofivadasztarsasag.hu\/wp-content\/uploads\/2024\/03\/borito.png\" \/>\n\t<meta property=\"og:image:width\" content=\"1640\" \/>\n\t<meta property=\"og:image:height\" content=\"924\" \/>\n\t<meta property=\"og:image:type\" content=\"image\/png\" \/>\n<meta name=\"twitter:card\" content=\"summary_large_image\" \/>\n<meta name=\"twitter:label1\" content=\"Becs\u00fclt olvas\u00e1si id\u0151\" \/>\n\t<meta name=\"twitter:data1\" content=\"1 perc\" \/>\n<script type=\"application\/ld+json\" class=\"yoast-schema-graph\">{\"@context\":\"https:\/\/schema.org\",\"@graph\":[{\"@type\":\"WebPage\",\"@id\":\"https:\/\/wpt.petofivadasztarsasag.hu\/\",\"url\":\"https:\/\/wpt.petofivadasztarsasag.hu\/\",\"name\":\"\u0150zbak \u00e1rlista 2024 - Pet\u0151fi Vad\u00e1szt\u00e1rsas\u00e1g\",\"isPartOf\":{\"@id\":\"https:\/\/wpt.petofivadasztarsasag.hu\/#website\"},\"primaryImageOfPage\":{\"@id\":\"https:\/\/wpt.petofivadasztarsasag.hu\/#primaryimage\"},\"image\":{\"@id\":\"https:\/\/wpt.petofivadasztarsasag.hu\/#primaryimage\"},\"thumbnailUrl\":\"https:\/\/wpt.petofivadasztarsasag.hu\/wp-content\/uploads\/2024\/03\/borito.png\",\"datePublished\":\"2024-03-10T21:54:13+00:00\",\"dateModified\":\"2024-03-10T22:37:09+00:00\",\"breadcrumb\":{\"@id\":\"https:\/\/wpt.petofivadasztarsasag.hu\/#breadcrumb\"},\"inLanguage\":\"hu\",\"potentialAction\":[{\"@type\":\"ReadAction\",\"target\":[\"https:\/\/wpt.petofivadasztarsasag.hu\/\"]}]},{\"@type\":\"ImageObject\",\"inLanguage\":\"hu\",\"@id\":\"https:\/\/wpt.petofivadasztarsasag.hu\/#primaryimage\",\"url\":\"https:\/\/wpt.petofivadasztarsasag.hu\/wp-content\/uploads\/2024\/03\/borito.png\",\"contentUrl\":\"https:\/\/wpt.petofivadasztarsasag.hu\/wp-content\/uploads\/2024\/03\/borito.png\",\"width\":1640,\"height\":924},{\"@type\":\"BreadcrumbList\",\"@id\":\"https:\/\/wpt.petofivadasztarsasag.hu\/#breadcrumb\",\"itemListElement\":[{\"@type\":\"ListItem\",\"position\":1,\"name\":\"Kezd\u0151lap\",\"item\":\"https:\/\/wpt.petofivadasztarsasag.hu\/\"},{\"@type\":\"ListItem\",\"position\":2,\"name\":\"\u0150zbak \u00e1rlista 2024\"}]},{\"@type\":\"WebSite\",\"@id\":\"https:\/\/wpt.petofivadasztarsasag.hu\/#website\",\"url\":\"https:\/\/wpt.petofivadasztarsasag.hu\/\",\"name\":\"Pet\u0151fi Vad\u00e1szt\u00e1rsas\u00e1g\",\"description\":\"Biharkeresztes\",\"publisher\":{\"@id\":\"https:\/\/wpt.petofivadasztarsasag.hu\/#organization\"},\"potentialAction\":[{\"@type\":\"SearchAction\",\"target\":{\"@type\":\"EntryPoint\",\"urlTemplate\":\"https:\/\/wpt.petofivadasztarsasag.hu\/?s={search_term_string}\"},\"query-input\":{\"@type\":\"PropertyValueSpecification\",\"valueRequired\":true,\"valueName\":\"search_term_string\"}}],\"inLanguage\":\"hu\"},{\"@type\":\"Organization\",\"@id\":\"https:\/\/wpt.petofivadasztarsasag.hu\/#organization\",\"name\":\"Pet\u0151fi Vad\u00e1szt\u00e1rsas\u00e1g\",\"url\":\"https:\/\/wpt.petofivadasztarsasag.hu\/\",\"logo\":{\"@type\":\"ImageObject\",\"inLanguage\":\"hu\",\"@id\":\"https:\/\/wpt.petofivadasztarsasag.hu\/#\/schema\/logo\/image\/\",\"url\":\"https:\/\/wpt.petofivadasztarsasag.hu\/wp-content\/uploads\/2024\/03\/pvt-logo-feher.png\",\"contentUrl\":\"https:\/\/wpt.petofivadasztarsasag.hu\/wp-content\/uploads\/2024\/03\/pvt-logo-feher.png\",\"width\":1080,\"height\":1080,\"caption\":\"Pet\u0151fi Vad\u00e1szt\u00e1rsas\u00e1g\"},\"image\":{\"@id\":\"https:\/\/wpt.petofivadasztarsasag.hu\/#\/schema\/logo\/image\/\"}}]}<\/script>\n<!-- \/ Yoast SEO plugin. -->","yoast_head_json":{"title":"\u0150zbak \u00e1rlista 2024 - Pet\u0151fi Vad\u00e1szt\u00e1rsas\u00e1g","robots":{"index":"noindex","follow":"follow","max-snippet":"max-snippet:-1","max-image-preview":"max-image-preview:large","max-video-preview":"max-video-preview:-1"},"og_locale":"hu_HU","og_type":"article","og_title":"\u0150zbak \u00e1rlista 2024 - Pet\u0151fi Vad\u00e1szt\u00e1rsas\u00e1g","og_description":"300-349 g 75.000 Ft+ 1.300 Ft\/g 350-399 g 140.000 Ft+ 2.000 Ft\/g 400-449 g 240.000 Ft+ 3.000 Ft\/g 450-499 g 390.000 Ft+ 6.500 Ft\/g 500 g &#8211; 725.000 Ft+ 8.500 Ft\/g Kiemelt aj\u00e1nlat!200.000 Ft-ot meghalad\u00f3 \u0151zbak tr\u00f3fea ter\u00edt\u00e9kre hoz\u00e1sa eset\u00e9n az elejt\u0151 sz\u00e1m\u00e1ra a sz\u00e1ll\u00e1s t\u00e9r\u00edt\u00e9smentes. Az \u00e1r a tr\u00f3fea b\u00edr\u00e1lati d\u00edjat nem tartalmazza!Kis\u00e9r\u00e9si \u00e9s [&hellip;]","og_url":"https:\/\/wpt.petofivadasztarsasag.hu\/","og_site_name":"Pet\u0151fi Vad\u00e1szt\u00e1rsas\u00e1g","article_modified_time":"2024-03-10T22:37:09+00:00","og_image":[{"width":1640,"height":924,"url":"https:\/\/wpt.petofivadasztarsasag.hu\/wp-content\/uploads\/2024\/03\/borito.png","type":"image\/png"}],"twitter_card":"summary_large_image","twitter_misc":{"Becs\u00fclt olvas\u00e1si id\u0151":"1 perc"},"schema":{"@context":"https:\/\/schema.org","@graph":[{"@type":"WebPage","@id":"https:\/\/wpt.petofivadasztarsasag.hu\/","url":"https:\/\/wpt.petofivadasztarsasag.hu\/","name":"\u0150zbak \u00e1rlista 2024 - Pet\u0151fi Vad\u00e1szt\u00e1rsas\u00e1g","isPartOf":{"@id":"https:\/\/wpt.petofivadasztarsasag.hu\/#website"},"primaryImageOfPage":{"@id":"https:\/\/wpt.petofivadasztarsasag.hu\/#primaryimage"},"image":{"@id":"https:\/\/wpt.petofivadasztarsasag.hu\/#primaryimage"},"thumbnailUrl":"https:\/\/wpt.petofivadasztarsasag.hu\/wp-content\/uploads\/2024\/03\/borito.png","datePublished":"2024-03-10T21:54:13+00:00","dateModified":"2024-03-10T22:37:09+00:00","breadcrumb":{"@id":"https:\/\/wpt.petofivadasztarsasag.hu\/#breadcrumb"},"inLanguage":"hu","potentialAction":[{"@type":"ReadAction","target":["https:\/\/wpt.petofivadasztarsasag.hu\/"]}]},{"@type":"ImageObject","inLanguage":"hu","@id":"https:\/\/wpt.petofivadasztarsasag.hu\/#primaryimage","url":"https:\/\/wpt.petofivadasztarsasag.hu\/wp-content\/uploads\/2024\/03\/borito.png","contentUrl":"https:\/\/wpt.petofivadasztarsasag.hu\/wp-content\/uploads\/2024\/03\/borito.png","width":1640,"height":924},{"@type":"BreadcrumbList","@id":"https:\/\/wpt.petofivadasztarsasag.hu\/#breadcrumb","itemListElement":[{"@type":"ListItem","position":1,"name":"Kezd\u0151lap","item":"https:\/\/wpt.petofivadasztarsasag.hu\/"},{"@type":"ListItem","position":2,"name":"\u0150zbak \u00e1rlista 2024"}]},{"@type":"WebSite","@id":"https:\/\/wpt.petofivadasztarsasag.hu\/#website","url":"https:\/\/wpt.petofivadasztarsasag.hu\/","name":"Pet\u0151fi Vad\u00e1szt\u00e1rsas\u00e1g","description":"Biharkeresztes","publisher":{"@id":"https:\/\/wpt.petofivadasztarsasag.hu\/#organization"},"potentialAction":[{"@type":"SearchAction","target":{"@type":"EntryPoint","urlTemplate":"https:\/\/wpt.petofivadasztarsasag.hu\/?s={search_term_string}"},"query-input":{"@type":"PropertyValueSpecification","valueRequired":true,"valueName":"search_term_string"}}],"inLanguage":"hu"},{"@type":"Organization","@id":"https:\/\/wpt.petofivadasztarsasag.hu\/#organization","name":"Pet\u0151fi Vad\u00e1szt\u00e1rsas\u00e1g","url":"https:\/\/wpt.petofivadasztarsasag.hu\/","logo":{"@type":"ImageObject","inLanguage":"hu","@id":"https:\/\/wpt.petofivadasztarsasag.hu\/#\/schema\/logo\/image\/","url":"https:\/\/wpt.petofivadasztarsasag.hu\/wp-content\/uploads\/2024\/03\/pvt-logo-feher.png","contentUrl":"https:\/\/wpt.petofivadasztarsasag.hu\/wp-content\/uploads\/2024\/03\/pvt-logo-feher.png","width":1080,"height":1080,"caption":"Pet\u0151fi Vad\u00e1szt\u00e1rsas\u00e1g"},"image":{"@id":"https:\/\/wpt.petofivadasztarsasag.hu\/#\/schema\/logo\/image\/"}}]}},"_links":{"self":[{"href":"https:\/\/wpt.petofivadasztarsasag.hu\/index.php\/wp-json\/wp\/v2\/pages\/11","targetHints":{"allow":["GET"]}}],"collection":[{"href":"https:\/\/wpt.petofivadasztarsasag.hu\/index.php\/wp-json\/wp\/v2\/pages"}],"about":[{"href":"https:\/\/wpt.petofivadasztarsasag.hu\/index.php\/wp-json\/wp\/v2\/types\/page"}],"author":[{"embeddable":true,"href":"https:\/\/wpt.petofivadasztarsasag.hu\/index.php\/wp-json\/wp\/v2\/users\/1"}],"replies":[{"embeddable":true,"href":"https:\/\/wpt.petofivadasztarsasag.hu\/index.php\/wp-json\/wp\/v2\/comments?post=11"}],"version-history":[{"count":4,"href":"https:\/\/wpt.petofivadasztarsasag.hu\/index.php\/wp-json\/wp\/v2\/pages\/11\/revisions"}],"predecessor-version":[{"id":32,"href":"https:\/\/wpt.petofivadasztarsasag.hu\/index.php\/wp-json\/wp\/v2\/pages\/11\/revisions\/32"}],"wp:featuredmedia":[{"embeddable":true,"href":"https:\/\/wpt.petofivadasztarsasag.hu\/index.php\/wp-json\/wp\/v2\/media\/18"}],"wp:attachment":[{"href":"https:\/\/wpt.petofivadasztarsasag.hu\/index.php\/wp-json\/wp\/v2\/media?parent=11"}],"curies":[{"name":"wp","href":"https:\/\/api.w.org\/{rel}","templated":true}]}}